{"id":7659,"date":"2024-09-16T15:30:04","date_gmt":"2024-09-16T20:30:04","guid":{"rendered":"https:\/docuscloud.com\/?page_id=7659"},"modified":"2025-01-27T16:03:52","modified_gmt":"2025-01-27T21:03:52","slug":"conoce-todas-las-soluciones-de-docus","status":"publish","type":"page","link":"https:\/\/docuscloud.com\/en\/conoce-todas-las-soluciones-de-docus\/","title":{"rendered":"You know all of the solutions of DOCUS"},"content":{"rendered":"<div data-elementor-type=\"wp-page\" data-elementor-id=\"7659\" class=\"elementor elementor-7659\" data-elementor-post-type=\"page\">\n\t\t\t\t\t\t<section class=\"elementor-section elementor-top-section elementor-element elementor-element-c7668b7 elementor-section-full_width overflow-hidden elementor-section-height-default elementor-section-height-default\" data-id=\"c7668b7\" data-element_type=\"section\" data-e-type=\"section\" data-settings=\"{&quot;background_background&quot;:&quot;classic&quot;}\">\n\t\t\t\t\t\t<div class=\"elementor-container elementor-column-gap-no\">\n\t\t\t\t\t<div class=\"elementor-column elementor-col-100 elementor-top-column elementor-element elementor-element-09fec77\" data-id=\"09fec77\" data-element_type=\"column\" data-e-type=\"column\">\n\t\t\t<div class=\"elementor-widget-wrap elementor-element-populated\">\n\t\t\t\t\t\t<div class=\"elementor-element elementor-element-06181b9 elementor-widget elementor-widget-nioland-image-move-v1\" data-id=\"06181b9\" data-element_type=\"widget\" data-e-type=\"widget\" data-widget_type=\"nioland-image-move-v1.default\">\n\t\t\t\t<div class=\"elementor-widget-container\">\n\t\t\t\t\t   <div class=\"move_image_absolute pointer_none animate animate-none animate-duration- animate-delay-\">      \r\n                <img decoding=\"async\" src=\"https:\/\/themepanthers.com\/nioland\/pages\/wp-content\/uploads\/2023\/08\/pattern-6.png\" class=\"class-fluid\" alt=\"alt\" \/>\r\n            <\/div>\r\n    \t\t\t\t<\/div>\n\t\t\t\t<\/div>\n\t\t\t\t<section class=\"elementor-section elementor-inner-section elementor-element elementor-element-6fd40ec elementor-section-boxed elementor-section-height-default elementor-section-height-default\" data-id=\"6fd40ec\" data-element_type=\"section\" data-e-type=\"section\">\n\t\t\t\t\t\t<div class=\"elementor-container elementor-column-gap-default\">\n\t\t\t\t\t<div class=\"elementor-column elementor-col-100 elementor-inner-column elementor-element elementor-element-44df6e5\" data-id=\"44df6e5\" data-element_type=\"column\" data-e-type=\"column\">\n\t\t\t<div class=\"elementor-widget-wrap elementor-element-populated\">\n\t\t\t\t\t\t<div class=\"elementor-element elementor-element-825ac15 elementor-invisible elementor-widget elementor-widget-nioland-title-v1\" data-id=\"825ac15\" data-element_type=\"widget\" data-e-type=\"widget\" data-settings=\"{&quot;_animation&quot;:&quot;fadeInUp&quot;}\" data-widget_type=\"nioland-title-v1.default\">\n\t\t\t\t<div class=\"elementor-widget-container\">\n\t\t\t\t\t\r\n                    <div class=\"section_title type_one\">\r\n                            <div class=\"overline-title\"> SOLUTIONS DOCUS<\/div>\r\n                                        <div class=\"title_whole position-relative\">\r\n                                            <h2 class=\"title\">\r\n                                                    Found a solution for all processes\n<span>your company with DOCUS<\/span>                                                    <\/h2>\r\n                                     \r\n                <\/div>\r\n                                <\/div>\r\n                    \t\t\t\t<\/div>\n\t\t\t\t<\/div>\n\t\t\t\t\t<\/div>\n\t\t<\/div>\n\t\t\t\t\t<\/div>\n\t\t<\/section>\n\t\t\t\t<section class=\"elementor-section elementor-inner-section elementor-element elementor-element-6d1ef55 elementor-section-boxed elementor-section-height-default elementor-section-height-default\" data-id=\"6d1ef55\" data-element_type=\"section\" data-e-type=\"section\">\n\t\t\t\t\t\t<div class=\"elementor-container elementor-column-gap-extended\">\n\t\t\t\t\t<div class=\"elementor-column elementor-col-25 elementor-inner-column elementor-element elementor-element-4af6bf4\" data-id=\"4af6bf4\" data-element_type=\"column\" data-e-type=\"column\">\n\t\t\t<div class=\"elementor-widget-wrap elementor-element-populated\">\n\t\t\t\t\t\t<div class=\"elementor-element elementor-element-c2d024d elementor-invisible elementor-widget elementor-widget-image\" data-id=\"c2d024d\" data-element_type=\"widget\" data-e-type=\"widget\" data-settings=\"{&quot;_animation&quot;:&quot;fadeInUp&quot;}\" data-widget_type=\"image.default\">\n\t\t\t\t<div class=\"elementor-widget-container\">\n\t\t\t\t\t\t\t\t\t\t\t\t\t\t\t<img fetchpriority=\"high\" decoding=\"async\" width=\"252\" height=\"300\" src=\"https:\/\/webservercontent.s3.us-east-1.amazonaws.com\/docuscloud\/uploads\/2024\/09\/mujer-seguimiento-docus.webp\" class=\"attachment-large size-large wp-image-7662\" alt=\"\" \/>\t\t\t\t\t\t\t\t\t\t\t\t\t\t\t<\/div>\n\t\t\t\t<\/div>\n\t\t\t\t\t<\/div>\n\t\t<\/div>\n\t\t\t\t<div class=\"elementor-column elementor-col-25 elementor-inner-column elementor-element elementor-element-895816a elementor-hidden-mobile\" data-id=\"895816a\" data-element_type=\"column\" data-e-type=\"column\">\n\t\t\t<div class=\"elementor-widget-wrap elementor-element-populated\">\n\t\t\t\t\t\t<div class=\"elementor-element elementor-element-5a50527 elementor-invisible elementor-widget elementor-widget-image\" data-id=\"5a50527\" data-element_type=\"widget\" data-e-type=\"widget\" data-settings=\"{&quot;_animation&quot;:&quot;fadeInUp&quot;}\" data-widget_type=\"image.default\">\n\t\t\t\t<div class=\"elementor-widget-container\">\n\t\t\t\t\t\t\t\t\t\t\t\t\t\t\t<img decoding=\"async\" width=\"252\" height=\"300\" src=\"https:\/\/webservercontent.s3.us-east-1.amazonaws.com\/docuscloud\/uploads\/2024\/09\/equipo-docus.webp\" class=\"attachment-large size-large wp-image-7663\" alt=\"\" \/>\t\t\t\t\t\t\t\t\t\t\t\t\t\t\t<\/div>\n\t\t\t\t<\/div>\n\t\t\t\t\t<\/div>\n\t\t<\/div>\n\t\t\t\t<div class=\"elementor-column elementor-col-25 elementor-inner-column elementor-element elementor-element-7c8ff43 elementor-hidden-mobile\" data-id=\"7c8ff43\" data-element_type=\"column\" data-e-type=\"column\">\n\t\t\t<div class=\"elementor-widget-wrap elementor-element-populated\">\n\t\t\t\t\t\t<div class=\"elementor-element elementor-element-f02e561 elementor-invisible elementor-widget elementor-widget-image\" data-id=\"f02e561\" data-element_type=\"widget\" data-e-type=\"widget\" data-settings=\"{&quot;_animation&quot;:&quot;fadeInUp&quot;}\" data-widget_type=\"image.default\">\n\t\t\t\t<div class=\"elementor-widget-container\">\n\t\t\t\t\t\t\t\t\t\t\t\t\t\t\t<img decoding=\"async\" width=\"252\" height=\"300\" src=\"https:\/\/webservercontent.s3.us-east-1.amazonaws.com\/docuscloud\/uploads\/2024\/09\/data-docus.webp\" class=\"attachment-large size-large wp-image-7664\" alt=\"\" \/>\t\t\t\t\t\t\t\t\t\t\t\t\t\t\t<\/div>\n\t\t\t\t<\/div>\n\t\t\t\t\t<\/div>\n\t\t<\/div>\n\t\t\t\t<div class=\"elementor-column elementor-col-25 elementor-inner-column elementor-element elementor-element-7ea3b76 elementor-hidden-mobile\" data-id=\"7ea3b76\" data-element_type=\"column\" data-e-type=\"column\">\n\t\t\t<div class=\"elementor-widget-wrap elementor-element-populated\">\n\t\t\t\t\t\t<div class=\"elementor-element elementor-element-1728785 elementor-widget elementor-widget-nioland-image-move-v1\" data-id=\"1728785\" data-element_type=\"widget\" data-e-type=\"widget\" data-widget_type=\"nioland-image-move-v1.default\">\n\t\t\t\t<div class=\"elementor-widget-container\">\n\t\t\t\t\t   <div class=\"move_image_absolute pointer_none animate animate-none animate-duration- animate-delay-\">      \r\n                <img decoding=\"async\" src=\"https:\/\/themepanthers.com\/nioland\/pages\/wp-content\/uploads\/2023\/08\/home-17-banner-dot.png\" class=\"class-fluid\" alt=\"alt\" \/>\r\n            <\/div>\r\n    \t\t\t\t<\/div>\n\t\t\t\t<\/div>\n\t\t\t\t<div class=\"elementor-element elementor-element-01c7d60 elementor-invisible elementor-widget elementor-widget-image\" data-id=\"01c7d60\" data-element_type=\"widget\" data-e-type=\"widget\" data-settings=\"{&quot;_animation&quot;:&quot;fadeInUp&quot;}\" data-widget_type=\"image.default\">\n\t\t\t\t<div class=\"elementor-widget-container\">\n\t\t\t\t\t\t\t\t\t\t\t\t\t\t\t<img loading=\"lazy\" decoding=\"async\" width=\"252\" height=\"300\" src=\"https:\/\/webservercontent.s3.us-east-1.amazonaws.com\/docuscloud\/uploads\/2024\/09\/meta-alcanzada-docus.webp\" class=\"attachment-large size-large wp-image-7665\" alt=\"\" \/>\t\t\t\t\t\t\t\t\t\t\t\t\t\t\t<\/div>\n\t\t\t\t<\/div>\n\t\t\t\t\t<\/div>\n\t\t<\/div>\n\t\t\t\t\t<\/div>\n\t\t<\/section>\n\t\t\t\t\t<\/div>\n\t\t<\/div>\n\t\t\t\t\t<\/div>\n\t\t<\/section>\n\t\t\t\t<section class=\"elementor-section elementor-top-section elementor-element elementor-element-3beafbd elementor-section-boxed elementor-section-height-default elementor-section-height-default\" data-id=\"3beafbd\" data-element_type=\"section\" data-e-type=\"section\">\n\t\t\t\t\t\t<div class=\"elementor-container elementor-column-gap-default\">\n\t\t\t\t\t<div class=\"elementor-column elementor-col-50 elementor-top-column elementor-element elementor-element-1d052d2\" data-id=\"1d052d2\" data-element_type=\"column\" data-e-type=\"column\">\n\t\t\t<div class=\"elementor-widget-wrap elementor-element-populated\">\n\t\t\t\t\t\t<div class=\"elementor-element elementor-element-65bc222 elementor-invisible elementor-widget elementor-widget-nioland-title-v1\" data-id=\"65bc222\" data-element_type=\"widget\" data-e-type=\"widget\" data-settings=\"{&quot;_animation&quot;:&quot;fadeInLeft&quot;}\" data-widget_type=\"nioland-title-v1.default\">\n\t\t\t\t<div class=\"elementor-widget-container\">\n\t\t\t\t\t\r\n                    <div class=\"section_title type_one\">\r\n                                        <div class=\"title_whole position-relative\">\r\n                                            <h2 class=\"title\">\r\n                                                    If your company has one or more processes, insurance you need DOCUS                                                    <\/h2>\r\n                                     \r\n                <\/div>\r\n                                        <p class=\"lead\"> Know here how to DOCUS can be a great help to achieve your corporate objectives of the hand with your strategic teams<\/p>\r\n                    <\/div>\r\n                    \t\t\t\t<\/div>\n\t\t\t\t<\/div>\n\t\t\t\t\t<\/div>\n\t\t<\/div>\n\t\t\t\t<div class=\"elementor-column elementor-col-50 elementor-top-column elementor-element elementor-element-d6b1a11\" data-id=\"d6b1a11\" data-element_type=\"column\" data-e-type=\"column\">\n\t\t\t<div class=\"elementor-widget-wrap elementor-element-populated\">\n\t\t\t\t\t\t<div class=\"elementor-element elementor-element-6081c7b elementor-invisible elementor-widget elementor-widget-nioland-faqs-v1\" data-id=\"6081c7b\" data-element_type=\"widget\" data-e-type=\"widget\" data-settings=\"{&quot;_animation&quot;:&quot;fadeInLeft&quot;}\" data-widget_type=\"nioland-faqs-v1.default\">\n\t\t\t\t<div class=\"elementor-widget-container\">\n\t\t\t\t\t \r\n<section class=\"block_faq style_one border_bottom_disable\"> \r\n    <div class=\"accordion-box\">\r\n                <div class=\"accordion trans active-block\">\r\n            <div\r\n                class=\"question faq_header active\">\r\n                <div class=\"question_box\">\r\n                    <div class=\"title_no_a_20 trans\">\r\n                        Customize your reports                    <\/div>\r\n                    <span class=\"icon_fq trans  ni-arrow-down-circle\"><\/span>\r\n                <\/div>\r\n            <\/div>\r\n            <div\r\n                class=\"answer accordion-content current\">\r\n                Get a complete vision of your company and take informed decisions that enable you to grow rapidly, thanks to the custom reports of DOCUS.            <\/div>\r\n        <\/div>\r\n                <div class=\"accordion trans\">\r\n            <div\r\n                class=\"question faq_header\">\r\n                <div class=\"question_box\">\r\n                    <div class=\"title_no_a_20 trans\">\r\n                        Human resources                    <\/div>\r\n                    <span class=\"icon_fq trans  ni-arrow-down-circle\"><\/span>\r\n                <\/div>\r\n            <\/div>\r\n            <div\r\n                class=\"answer accordion-content\">\r\n                Managed from a single place processes of recruitment, selection, induction of new employees and hiring.<br> \nBears in detail in control of your personal task tracking, surveys, payroll, management of permissions and disabilities, and generation of memoranda. <br>\nFinally, it accelerates with DOCUS processes of disengagement, offboarding and management of documentation of the staff.\n            <\/div>\r\n        <\/div>\r\n                <div class=\"accordion trans\">\r\n            <div\r\n                class=\"question faq_header\">\r\n                <div class=\"question_box\">\r\n                    <div class=\"title_no_a_20 trans\">\r\n                        Electronic signature                    <\/div>\r\n                    <span class=\"icon_fq trans  ni-arrow-down-circle\"><\/span>\r\n                <\/div>\r\n            <\/div>\r\n            <div\r\n                class=\"answer accordion-content\">\r\n                Provide on your company the process of electronic signature with DOCUS, sign via computers, tablets, cell phones or touchscreens.            <\/div>\r\n        <\/div>\r\n                <div class=\"accordion trans\">\r\n            <div\r\n                class=\"question faq_header\">\r\n                <div class=\"question_box\">\r\n                    <div class=\"title_no_a_20 trans\">\r\n                        Accounting and finance                    <\/div>\r\n                    <span class=\"icon_fq trans  ni-arrow-down-circle\"><\/span>\r\n                <\/div>\r\n            <\/div>\r\n            <div\r\n                class=\"answer accordion-content\">\r\n                Manage your processes wallet, payments by enter, collect, and pay.\n<br>\nEasily carry the purchasing requisitions, service providers, monitoring of budgets and reports in real-time.            <\/div>\r\n        <\/div>\r\n                <div class=\"accordion trans\">\r\n            <div\r\n                class=\"question faq_header\">\r\n                <div class=\"question_box\">\r\n                    <div class=\"title_no_a_20 trans\">\r\n                        Single window                    <\/div>\r\n                    <span class=\"icon_fq trans  ni-arrow-down-circle\"><\/span>\r\n                <\/div>\r\n            <\/div>\r\n            <div\r\n                class=\"answer accordion-content\">\r\n                Manages with DOCUS all the incoming and outgoing communication both within the company as with your suppliers and customers.            <\/div>\r\n        <\/div>\r\n                <div class=\"accordion trans\">\r\n            <div\r\n                class=\"question faq_header\">\r\n                <div class=\"question_box\">\r\n                    <div class=\"title_no_a_20 trans\">\r\n                        Inventory                    <\/div>\r\n                    <span class=\"icon_fq trans  ni-arrow-down-circle\"><\/span>\r\n                <\/div>\r\n            <\/div>\r\n            <div\r\n                class=\"answer accordion-content\">\r\n                From DOCUS you can manage all your Inventory and stock management, quality management and requisition of products.            <\/div>\r\n        <\/div>\r\n            <\/div>\r\n<\/section> \r\n\r\n\r\n\t\t\t\t<\/div>\n\t\t\t\t<\/div>\n\t\t\t\t\t<\/div>\n\t\t<\/div>\n\t\t\t\t\t<\/div>\n\t\t<\/section>\n\t\t\t\t<section class=\"elementor-section elementor-top-section elementor-element elementor-element-0675e45 elementor-section-boxed elementor-section-height-default elementor-section-height-default\" data-id=\"0675e45\" data-element_type=\"section\" data-e-type=\"section\">\n\t\t\t\t\t\t<div class=\"elementor-container elementor-column-gap-default\">\n\t\t\t\t\t<div class=\"elementor-column elementor-col-100 elementor-top-column elementor-element elementor-element-91562ad\" data-id=\"91562ad\" data-element_type=\"column\" data-e-type=\"column\">\n\t\t\t<div class=\"elementor-widget-wrap elementor-element-populated\">\n\t\t\t\t\t\t<section class=\"elementor-section elementor-inner-section elementor-element elementor-element-7dc515d elementor-section-boxed elementor-section-height-default elementor-section-height-default\" data-id=\"7dc515d\" data-element_type=\"section\" data-e-type=\"section\">\n\t\t\t\t\t\t<div class=\"elementor-container elementor-column-gap-default\">\n\t\t\t\t\t<div class=\"elementor-column elementor-col-100 elementor-inner-column elementor-element elementor-element-c27ed85\" data-id=\"c27ed85\" data-element_type=\"column\" data-e-type=\"column\">\n\t\t\t<div class=\"elementor-widget-wrap elementor-element-populated\">\n\t\t\t\t\t\t<div class=\"elementor-element elementor-element-51b291d elementor-widget elementor-widget-nioland-title-v1\" data-id=\"51b291d\" data-element_type=\"widget\" data-e-type=\"widget\" data-widget_type=\"nioland-title-v1.default\">\n\t\t\t\t<div class=\"elementor-widget-container\">\n\t\t\t\t\t\r\n                    <div class=\"section_title type_one\">\r\n                                        <div class=\"title_whole position-relative\">\r\n                                            <h2 class=\"title\">\r\n                                                    Are you ready to accelerate your goals?                                                    <\/h2>\r\n                                     \r\n                <\/div>\r\n                                <\/div>\r\n                    \t\t\t\t<\/div>\n\t\t\t\t<\/div>\n\t\t\t\t<section class=\"elementor-section elementor-inner-section elementor-element elementor-element-9c245c1 elementor-section-boxed elementor-section-height-default elementor-section-height-default\" data-id=\"9c245c1\" data-element_type=\"section\" data-e-type=\"section\">\n\t\t\t\t\t\t<div class=\"elementor-container elementor-column-gap-default\">\n\t\t\t\t\t<div class=\"elementor-column elementor-col-100 elementor-inner-column elementor-element elementor-element-82f0b49\" data-id=\"82f0b49\" data-element_type=\"column\" data-e-type=\"column\">\n\t\t\t<div class=\"elementor-widget-wrap elementor-element-populated\">\n\t\t\t\t\t\t<div class=\"elementor-element elementor-element-366085f elementor-widget elementor-widget-nioland-themebtns-v1\" data-id=\"366085f\" data-element_type=\"widget\" data-e-type=\"widget\" data-widget_type=\"nioland-themebtns-v1.default\">\n\t\t\t\t<div class=\"elementor-widget-container\">\n\t\t\t\t\t  \r\n         \r\n            <div class=\"theme_btn_all\">\r\n            <a href=\"\/en\/contacto\/\"   target=\"&quot;_blank&quot;\"  rel=\"&quot;nofollow&quot;\" class=\"theme_btn\">\r\n            \t\r\n              Start free                              \t\r\n                            \t\r\n            <\/a>\r\n        <\/div>\r\n\r\n\r\n        \t\t\t\t<\/div>\n\t\t\t\t<\/div>\n\t\t\t\t\t<\/div>\n\t\t<\/div>\n\t\t\t\t\t<\/div>\n\t\t<\/section>\n\t\t\t\t\t<\/div>\n\t\t<\/div>\n\t\t\t\t\t<\/div>\n\t\t<\/section>\n\t\t\t\t<section class=\"elementor-section elementor-inner-section elementor-element elementor-element-e223a0b elementor-section-full_width elementor-section-height-default elementor-section-height-default elementor-invisible\" data-id=\"e223a0b\" data-element_type=\"section\" data-e-type=\"section\" data-settings=\"{&quot;animation&quot;:&quot;fadeIn&quot;}\">\n\t\t\t\t\t\t<div class=\"elementor-container elementor-column-gap-default\">\n\t\t\t\t\t<div class=\"elementor-column elementor-col-100 elementor-inner-column elementor-element elementor-element-f39f345\" data-id=\"f39f345\" data-element_type=\"column\" data-e-type=\"column\">\n\t\t\t<div class=\"elementor-widget-wrap elementor-element-populated\">\n\t\t\t\t\t\t<div class=\"elementor-element elementor-element-78353ad elementor-widget elementor-widget-video\" data-id=\"78353ad\" data-element_type=\"widget\" data-e-type=\"widget\" data-settings=\"{&quot;youtube_url&quot;:&quot;https:\\\/\\\/www.youtube.com\\\/watch?v=jMh18U0lKd4&amp;t=6s&quot;,&quot;video_type&quot;:&quot;youtube&quot;,&quot;controls&quot;:&quot;yes&quot;}\" data-widget_type=\"video.default\">\n\t\t\t\t<div class=\"elementor-widget-container\">\n\t\t\t\t\t\t\t<div class=\"elementor-wrapper elementor-open-inline\">\n\t\t\t<div class=\"elementor-video\"><\/div>\t\t<\/div>\n\t\t\t\t\t\t<\/div>\n\t\t\t\t<\/div>\n\t\t\t\t\t<\/div>\n\t\t<\/div>\n\t\t\t\t\t<\/div>\n\t\t<\/section>\n\t\t\t\t\t<\/div>\n\t\t<\/div>\n\t\t\t\t\t<\/div>\n\t\t<\/section>\n\t\t\t\t<\/div>","protected":false},"excerpt":{"rendered":"<p>SOLUCIONES DOCUS Encuentra una soluci\u00f3n para todos los procesos de tu compa\u00f1\u00eda con DOCUS Si tu empresa tiene uno o m\u00e1s procesos, seguro necesitas de DOCUS Conoce ac\u00e1 c\u00f3mo DOCUS puede ser una gran ayuda para alcanzar tus objetivos corporativos de la mano con tus equipos estrat\u00e9gicos Personaliza tus reportes Obt\u00e9n una visi\u00f3n completa de [&hellip;]<\/p>","protected":false},"author":1,"featured_media":0,"parent":0,"menu_order":0,"comment_status":"closed","ping_status":"closed","template":"template-homepage.php","meta":{"_joinchat":[],"footnotes":""},"class_list":["post-7659","page","type-page","status-publish","hentry"],"_links":{"self":[{"href":"https:\/\/docuscloud.com\/en\/wp-json\/wp\/v2\/pages\/7659","targetHints":{"allow":["GET"]}}],"collection":[{"href":"https:\/\/docuscloud.com\/en\/wp-json\/wp\/v2\/pages"}],"about":[{"href":"https:\/\/docuscloud.com\/en\/wp-json\/wp\/v2\/types\/page"}],"author":[{"embeddable":true,"href":"https:\/\/docuscloud.com\/en\/wp-json\/wp\/v2\/users\/1"}],"replies":[{"embeddable":true,"href":"https:\/\/docuscloud.com\/en\/wp-json\/wp\/v2\/comments?post=7659"}],"version-history":[{"count":25,"href":"https:\/\/docuscloud.com\/en\/wp-json\/wp\/v2\/pages\/7659\/revisions"}],"predecessor-version":[{"id":8640,"href":"https:\/\/docuscloud.com\/en\/wp-json\/wp\/v2\/pages\/7659\/revisions\/8640"}],"wp:attachment":[{"href":"https:\/\/docuscloud.com\/en\/wp-json\/wp\/v2\/media?parent=7659"}],"curies":[{"name":"wp","href":"https:\/\/api.w.org\/{rel}","templated":true}]}}