{"id":8302,"date":"2024-10-24T08:11:38","date_gmt":"2024-10-24T13:11:38","guid":{"rendered":"https:\/docuscloud.com\/?page_id=8302"},"modified":"2025-01-27T15:41:13","modified_gmt":"2025-01-27T20:41:13","slug":"bienvenido-a-docus","status":"publish","type":"page","link":"https:\/\/docuscloud.com\/en\/bienvenido-a-docus\/","title":{"rendered":"Bienvenido a Docus"},"content":{"rendered":"<div data-elementor-type=\"wp-page\" data-elementor-id=\"8302\" class=\"elementor elementor-8302\" data-elementor-post-type=\"page\">\n\t\t\t\t<div class=\"elementor-element elementor-element-63ee2da e-flex e-con-boxed e-con e-parent\" data-id=\"63ee2da\" data-element_type=\"container\" data-e-type=\"container\">\n\t\t\t\t\t<div class=\"e-con-inner\">\n\t\t\t\t<div class=\"elementor-element elementor-element-0af4124 elementor-widget__width-initial elementor-widget elementor-widget-nioland-title-v1\" data-id=\"0af4124\" data-element_type=\"widget\" data-e-type=\"widget\" data-widget_type=\"nioland-title-v1.default\">\n\t\t\t\t<div class=\"elementor-widget-container\">\n\t\t\t\t\t\r\n                    <div class=\"section_title type_one\">\r\n                            <div class=\"overline-title\"> Welcome to DOCUS!<\/div>\r\n                                        <div class=\"title_whole position-relative\">\r\n                                            <h2 class=\"title\">\r\n                                                    Leave us your details and one of our advisors will contact you                                                    <\/h2>\r\n                                     \r\n                <\/div>\r\n                                        <p class=\"lead\"> Describe your question and one of our advisors will contact you<\/p>\r\n                    <\/div>\r\n                    \t\t\t\t<\/div>\n\t\t\t\t<\/div>\n\t\t\t\t\t<\/div>\n\t\t\t\t<\/div>\n\t\t\t\t<section class=\"elementor-section elementor-top-section elementor-element elementor-element-7339dec elementor-section-full_width elementor-section-height-default elementor-section-height-default\" data-id=\"7339dec\" data-element_type=\"section\" data-e-type=\"section\" data-settings=\"{&quot;background_background&quot;:&quot;classic&quot;}\">\n\t\t\t\t\t\t<div class=\"elementor-container elementor-column-gap-no\">\n\t\t\t\t\t<div class=\"elementor-column elementor-col-100 elementor-top-column elementor-element elementor-element-b9c8a35\" data-id=\"b9c8a35\" data-element_type=\"column\" data-e-type=\"column\">\n\t\t\t<div class=\"elementor-widget-wrap elementor-element-populated\">\n\t\t\t\t\t\t<section class=\"elementor-section elementor-inner-section elementor-element elementor-element-3598bbc elementor-section-boxed elementor-section-height-default elementor-section-height-default\" data-id=\"3598bbc\" data-element_type=\"section\" data-e-type=\"section\">\n\t\t\t\t\t\t<div class=\"elementor-container elementor-column-gap-extended\">\n\t\t\t\t\t<div class=\"elementor-column elementor-col-100 elementor-inner-column elementor-element elementor-element-de7bd07\" data-id=\"de7bd07\" data-element_type=\"column\" data-e-type=\"column\">\n\t\t\t<div class=\"elementor-widget-wrap elementor-element-populated\">\n\t\t\t\t\t\t<div class=\"elementor-element elementor-element-536e8de elementor-widget elementor-widget-shortcode\" data-id=\"536e8de\" data-element_type=\"widget\" data-e-type=\"widget\" data-widget_type=\"shortcode.default\">\n\t\t\t\t<div class=\"elementor-widget-container\">\n\t\t\t\t\t\t\t<div class=\"elementor-shortcode\">\n<div class=\"wpcf7 no-js\" id=\"wpcf7-f8610-o1\" lang=\"en-US\" dir=\"ltr\" data-wpcf7-id=\"8610\">\n<div class=\"screen-reader-response\"><p role=\"status\" aria-live=\"polite\" aria-atomic=\"true\"><\/p> <ul><\/ul><\/div>\n<form action=\"\/en\/wp-json\/wp\/v2\/pages\/8302#wpcf7-f8610-o1\" method=\"post\" class=\"wpcf7-form init\" aria-label=\"Contact form\" novalidate=\"novalidate\" data-status=\"init\" data-trp-original-action=\"\/en\/wp-json\/wp\/v2\/pages\/8302#wpcf7-f8610-o1\">\n<div style=\"display: none;\">\n<input type=\"hidden\" name=\"_wpcf7\" value=\"8610\" \/>\n<input type=\"hidden\" name=\"_wpcf7_version\" value=\"6.0.6\" \/>\n<input type=\"hidden\" name=\"_wpcf7_locale\" value=\"en_US\" \/>\n<input type=\"hidden\" name=\"_wpcf7_unit_tag\" value=\"wpcf7-f8610-o1\" \/>\n<input type=\"hidden\" name=\"_wpcf7_container_post\" value=\"0\" \/>\n<input type=\"hidden\" name=\"_wpcf7_posted_data_hash\" value=\"\" \/>\n<input type=\"hidden\" name=\"_wpcf7_recaptcha_response\" value=\"\" \/>\n<\/div>\n<div class=\"row\">\n\t<div class=\"col-lg-6\">\n\t\t<p><label>Name<\/label><br \/>\n<span class=\"wpcf7-form-control-wrap\" data-name=\"nombre\"><input size=\"40\" maxlength=\"400\" class=\"wpcf7-form-control wpcf7-text wpcf7-validates-as-required\" aria-required=\"true\" aria-invalid=\"false\" placeholder=\"Enter your name\" value=\"\" type=\"text\" name=\"nombre\" \/><\/span>\n\t\t<\/p>\n\t<\/div>\n\t<div class=\"col-lg-6\">\n\t\t<p><label>Last name<\/label><br \/>\n<span class=\"wpcf7-form-control-wrap\" data-name=\"apellido\"><input size=\"40\" maxlength=\"400\" class=\"wpcf7-form-control wpcf7-text wpcf7-validates-as-required\" aria-required=\"true\" aria-invalid=\"false\" placeholder=\"Enter your last name\" value=\"\" type=\"text\" name=\"apellido\" \/><\/span>\n\t\t<\/p>\n\t<\/div>\n\t<div class=\"col-lg-12\">\n\t\t<p><label>E-mail<\/label><br \/>\n<span class=\"wpcf7-form-control-wrap\" data-name=\"correo\"><input size=\"40\" maxlength=\"400\" class=\"wpcf7-form-control wpcf7-email wpcf7-validates-as-required wpcf7-text wpcf7-validates-as-email form-control\" aria-required=\"true\" aria-invalid=\"false\" placeholder=\"info@mail.com\" value=\"\" type=\"email\" name=\"correo\" \/><\/span>\n\t\t<\/p>\n\t<\/div>\n\t<div class=\"col-lg-12\">\n\t\t<p><label>How can we help you?<\/label><br \/>\n<span class=\"wpcf7-form-control-wrap\" data-name=\"opcion\"><select class=\"wpcf7-form-control wpcf7-select form-control\" aria-invalid=\"false\" name=\"opcion\"><option value=\"Seleccione...\">Select...<\/option><option value=\"Quiero ser reseller\">I want to be a reseller<\/option><option value=\"Quiero hacer una pregunta\">I want to ask a question<\/option><\/select><\/span>\n\t\t<\/p>\n\t<\/div>\n\t<div class=\"col-lg-12\">\n\t\t<p><label>Leave us your questions<\/label><br \/>\n<span class=\"wpcf7-form-control-wrap\" data-name=\"mensaje\"><textarea cols=\"40\" rows=\"10\" maxlength=\"2000\" class=\"wpcf7-form-control wpcf7-textarea wpcf7-validates-as-required\" aria-required=\"true\" aria-invalid=\"false\" placeholder=\"Enter your message\" name=\"mensaje\"><\/textarea><\/span>\n\t\t<\/p>\n\t<\/div>\n\t<div class=\"col-lg-12\">\n\t\t<p><input class=\"wpcf7-form-control wpcf7-submit has-spinner\" type=\"submit\" value=\"Send\" \/>\n\t\t<\/p>\n\t<\/div>\n<\/div><div class=\"wpcf7-response-output\" aria-hidden=\"true\"><\/div>\n<input type=\"hidden\" name=\"trp-form-language\" value=\"en\"\/><\/form>\n<\/div>\n<\/div>\n\t\t\t\t\t\t<\/div>\n\t\t\t\t<\/div>\n\t\t\t\t\t<\/div>\n\t\t<\/div>\n\t\t\t\t\t<\/div>\n\t\t<\/section>\n\t\t\t\t\t<\/div>\n\t\t<\/div>\n\t\t\t\t\t<\/div>\n\t\t<\/section>\n\t\t\t\t<section class=\"elementor-section elementor-top-section elementor-element elementor-element-efcfe90 elementor-section-boxed elementor-section-height-default elementor-section-height-default\" data-id=\"efcfe90\" data-element_type=\"section\" data-e-type=\"section\">\n\t\t\t\t\t\t<div class=\"elementor-container elementor-column-gap-no\">\n\t\t\t\t\t<div class=\"elementor-column elementor-col-100 elementor-top-column elementor-element elementor-element-292ecef\" data-id=\"292ecef\" data-element_type=\"column\" data-e-type=\"column\" data-settings=\"{&quot;background_background&quot;:&quot;gradient&quot;}\">\n\t\t\t<div class=\"elementor-widget-wrap elementor-element-populated\">\n\t\t\t\t\t\t<section class=\"elementor-section elementor-inner-section elementor-element elementor-element-81979c8 elementor-section-full_width elementor-section-content-middle elementor-section-height-default elementor-section-height-default\" data-id=\"81979c8\" data-element_type=\"section\" data-e-type=\"section\">\n\t\t\t\t\t\t<div class=\"elementor-container elementor-column-gap-default\">\n\t\t\t\t\t<div class=\"elementor-column elementor-col-33 elementor-inner-column elementor-element elementor-element-8057fe5\" data-id=\"8057fe5\" data-element_type=\"column\" data-e-type=\"column\">\n\t\t\t<div class=\"elementor-widget-wrap elementor-element-populated\">\n\t\t\t\t\t\t<div class=\"elementor-element elementor-element-20463a4 elementor-widget elementor-widget-nioland-title-v1\" data-id=\"20463a4\" data-element_type=\"widget\" data-e-type=\"widget\" data-widget_type=\"nioland-title-v1.default\">\n\t\t\t\t<div class=\"elementor-widget-container\">\n\t\t\t\t\t\r\n                    <div class=\"section_title type_one\">\r\n                                        <div class=\"title_whole position-relative\">\r\n                                            <h2 class=\"title\">\r\n                                                    Are you ready to transform your organization with DOCUS?                                                    <\/h2>\r\n                                     \r\n                <\/div>\r\n                                <\/div>\r\n                    \t\t\t\t<\/div>\n\t\t\t\t<\/div>\n\t\t\t\t<section class=\"elementor-section elementor-inner-section elementor-element elementor-element-4e89b7d elementor-section-boxed elementor-section-height-default elementor-section-height-default\" data-id=\"4e89b7d\" data-element_type=\"section\" data-e-type=\"section\">\n\t\t\t\t\t\t<div class=\"elementor-container elementor-column-gap-no\">\n\t\t\t\t\t<div class=\"elementor-column elementor-col-50 elementor-inner-column elementor-element elementor-element-e7d1cd1\" data-id=\"e7d1cd1\" data-element_type=\"column\" data-e-type=\"column\">\n\t\t\t<div class=\"elementor-widget-wrap elementor-element-populated\">\n\t\t\t\t\t\t<div class=\"elementor-element elementor-element-1350157 elementor-widget elementor-widget-nioland-themebtns-v1\" data-id=\"1350157\" data-element_type=\"widget\" data-e-type=\"widget\" data-widget_type=\"nioland-themebtns-v1.default\">\n\t\t\t\t<div class=\"elementor-widget-container\">\n\t\t\t\t\t  \r\n         \r\n            <div class=\"theme_btn_all\">\r\n            <a href=\"\/en\/bienvenido-a-docus\/\"   target=\"&quot;_blank&quot;\"  rel=\"&quot;nofollow&quot;\" class=\"theme_btn\">\r\n            \t\r\n              Start FREE                              \t\r\n                            \t\r\n            <\/a>\r\n        <\/div>\r\n\r\n\r\n        \t\t\t\t<\/div>\n\t\t\t\t<\/div>\n\t\t\t\t\t<\/div>\n\t\t<\/div>\n\t\t\t\t<div class=\"elementor-column elementor-col-50 elementor-inner-column elementor-element elementor-element-9ca5a4d\" data-id=\"9ca5a4d\" data-element_type=\"column\" data-e-type=\"column\">\n\t\t\t<div class=\"elementor-widget-wrap elementor-element-populated\">\n\t\t\t\t\t\t<div class=\"elementor-element elementor-element-213ea15 elementor-widget elementor-widget-nioland-themebtns-v1\" data-id=\"213ea15\" data-element_type=\"widget\" data-e-type=\"widget\" data-widget_type=\"nioland-themebtns-v1.default\">\n\t\t\t\t<div class=\"elementor-widget-container\">\n\t\t\t\t\t  \r\n         \r\n            <div class=\"theme_btn_all\">\r\n            <a href=\"\/en\/contacto\/\"   target=\"&quot;_blank&quot;\"  rel=\"&quot;nofollow&quot;\" class=\"theme_btn\">\r\n            \t\r\n              Contact us                              \t\r\n                            \t\r\n            <\/a>\r\n        <\/div>\r\n\r\n\r\n        \t\t\t\t<\/div>\n\t\t\t\t<\/div>\n\t\t\t\t\t<\/div>\n\t\t<\/div>\n\t\t\t\t\t<\/div>\n\t\t<\/section>\n\t\t\t\t\t<\/div>\n\t\t<\/div>\n\t\t\t\t<div class=\"elementor-column elementor-col-33 elementor-inner-column elementor-element elementor-element-e0f70cb\" data-id=\"e0f70cb\" data-element_type=\"column\" data-e-type=\"column\">\n\t\t\t<div class=\"elementor-widget-wrap\">\n\t\t\t\t\t\t\t<\/div>\n\t\t<\/div>\n\t\t\t\t<div class=\"elementor-column elementor-col-33 elementor-inner-column elementor-element elementor-element-8e79629 elementor-hidden-mobile\" data-id=\"8e79629\" data-element_type=\"column\" data-e-type=\"column\">\n\t\t\t<div class=\"elementor-widget-wrap elementor-element-populated\">\n\t\t\t\t\t\t<div class=\"elementor-element elementor-element-ed94dd0 elementor-widget elementor-widget-image\" data-id=\"ed94dd0\" data-element_type=\"widget\" data-e-type=\"widget\" data-widget_type=\"image.default\">\n\t\t\t\t<div class=\"elementor-widget-container\">\n\t\t\t\t\t\t\t\t\t\t\t\t\t\t\t<img fetchpriority=\"high\" decoding=\"async\" width=\"829\" height=\"506\" src=\"https:\/\/webservercontent.s3.us-east-1.amazonaws.com\/docuscloud\/uploads\/2024\/10\/Ventas.webp\" class=\"attachment-large size-large wp-image-7929\" alt=\"\" srcset=\"https:\/\/webservercontent.s3.us-east-1.amazonaws.com\/docuscloud\/uploads\/2024\/10\/Ventas.webp 829w, https:\/\/webservercontent.s3.us-east-1.amazonaws.com\/docuscloud\/uploads\/2024\/10\/Ventas-300x183.webp 300w, https:\/\/webservercontent.s3.us-east-1.amazonaws.com\/docuscloud\/uploads\/2024\/10\/Ventas-768x469.webp 768w, https:\/\/webservercontent.s3.us-east-1.amazonaws.com\/docuscloud\/uploads\/2024\/10\/Ventas-600x366.webp 600w\" sizes=\"(max-width: 829px) 100vw, 829px\" \/>\t\t\t\t\t\t\t\t\t\t\t\t\t\t\t<\/div>\n\t\t\t\t<\/div>\n\t\t\t\t\t<\/div>\n\t\t<\/div>\n\t\t\t\t\t<\/div>\n\t\t<\/section>\n\t\t\t\t\t<\/div>\n\t\t<\/div>\n\t\t\t\t\t<\/div>\n\t\t<\/section>\n\t\t\t\t<\/div>","protected":false},"excerpt":{"rendered":"<p>\u00a1Bienvenido a DOCUS! D\u00e9janos tus datos y uno de nuestros asesores se contactar\u00e1 contigo Descr\u00edbenos tu pregunta y uno de nuestros asesores se contactar\u00e1 contigo \u00bfEst\u00e1s listo para transformar tu organizaci\u00f3n con DOCUS? Empieza GRATIS Cont\u00e1ctanos<\/p>","protected":false},"author":1,"featured_media":0,"parent":0,"menu_order":0,"comment_status":"closed","ping_status":"closed","template":"template-homepage.php","meta":{"_joinchat":[],"footnotes":""},"class_list":["post-8302","page","type-page","status-publish","hentry"],"_links":{"self":[{"href":"https:\/\/docuscloud.com\/en\/wp-json\/wp\/v2\/pages\/8302","targetHints":{"allow":["GET"]}}],"collection":[{"href":"https:\/\/docuscloud.com\/en\/wp-json\/wp\/v2\/pages"}],"about":[{"href":"https:\/\/docuscloud.com\/en\/wp-json\/wp\/v2\/types\/page"}],"author":[{"embeddable":true,"href":"https:\/\/docuscloud.com\/en\/wp-json\/wp\/v2\/users\/1"}],"replies":[{"embeddable":true,"href":"https:\/\/docuscloud.com\/en\/wp-json\/wp\/v2\/comments?post=8302"}],"version-history":[{"count":31,"href":"https:\/\/docuscloud.com\/en\/wp-json\/wp\/v2\/pages\/8302\/revisions"}],"predecessor-version":[{"id":8613,"href":"https:\/\/docuscloud.com\/en\/wp-json\/wp\/v2\/pages\/8302\/revisions\/8613"}],"wp:attachment":[{"href":"https:\/\/docuscloud.com\/en\/wp-json\/wp\/v2\/media?parent=8302"}],"curies":[{"name":"wp","href":"https:\/\/api.w.org\/{rel}","templated":true}]}}